{"id":457,"date":"2025-09-29T10:32:46","date_gmt":"2025-09-29T08:32:46","guid":{"rendered":"https:\/\/nineta.com\/bicicletes\/?page_id=457"},"modified":"2026-03-17T12:48:35","modified_gmt":"2026-03-17T11:48:35","slug":"457-2","status":"publish","type":"page","link":"https:\/\/nineta.com\/es\/457-2\/","title":{"rendered":"Cookies Policy"},"content":{"rendered":"<p>[et_pb_section fb_built=&#8221;1&#8243; _builder_version=&#8221;4.27.4&#8243; _module_preset=&#8221;default&#8221; custom_margin=&#8221;-30px||||false|false&#8221; global_colors_info=&#8221;{}&#8221;][et_pb_row _builder_version=&#8221;4.27.4&#8243; _module_preset=&#8221;default&#8221; global_colors_info=&#8221;{}&#8221;][et_pb_column type=&#8221;4_4&#8243; _builder_version=&#8221;4.27.4&#8243; _module_preset=&#8221;default&#8221; global_colors_info=&#8221;{}&#8221;][et_pb_heading title=&#8221;Pol\u00edtica de cookies&#8221; _builder_version=&#8221;4.27.4&#8243; _module_preset=&#8221;38e28363-994e-4f8d-a02a-e559548cdf62&#8243; title_level=&#8221;h1&#8243; title_font=&#8221;Comfortaa|500|||||||&#8221; max_width=&#8221;1080%&#8221; custom_margin=&#8221;||30px||false|false&#8221; global_colors_info=&#8221;{}&#8221;][\/et_pb_heading][et_pb_text _builder_version=&#8221;4.27.4&#8243; _module_preset=&#8221;default&#8221; min_height=&#8221;2521.1px&#8221; custom_padding=&#8221;||||false|false&#8221; global_colors_info=&#8221;{}&#8221;]<\/p>\n<p>De conformitat amb el que estableix l\u2019article 22.2 de la Llei 34\/2002, d\u201911 de juliol, de serveis de la societat<br \/>de la informaci\u00f3 i de comer\u00e7 electr\u00f2nic (LSSI-CE) vigent, BICICLETES NINETA S.L. ha de complir amb<br \/>l\u2019obligaci\u00f3 d\u2019informar sobre les cookies que utilitza i les seves finalitats.<\/p>\n<p>Aquest lloc web utilitza cookies i\/o tecnologies similars que emmagatzemen i recuperen informaci\u00f3 quan<br \/>navegueu. Les cookies permeten que una p\u00e0gina web, entre altres coses, emmagatzemi i recuperi<br \/>informaci\u00f3 sobre els h\u00e0bits de navegaci\u00f3 d\u2019un usuari o del seu equip i, depenent de la informaci\u00f3 que<br \/>aquest contingui i de la manera com s\u2019utilitzi l\u2019equip, es poden fer servir per recon\u00e8ixer l\u2019usuari.<\/p>\n<p>Les cookies s\u00f3n essencials per al funcionament d\u2019Internet, aporten innombrables avantatges en la<br \/>prestaci\u00f3 de serveis interactius i faciliten a l\u2019usuari la navegaci\u00f3 i la usabilitat del nostre web.<br \/>L\u2019usuari pot modificar la configuraci\u00f3 personalitzada <span style=\"text-decoration: underline;\">AQU\u00cd<\/span>.<br \/>La informaci\u00f3 que us proporcionem a continuaci\u00f3 us ajudar\u00e0 a entendre els diferents tipus de cookies:<\/p>\n<p>&nbsp;<\/p>\n<h3><strong>TIPUS DE COOKIES<\/strong><\/h3>\n<p><strong><\/strong><\/p>\n<p><strong>Segons l&#8217;entitat que les gestioni:<\/strong><\/p>\n<table border=\"1\" style=\"border-collapse: collapse; width: 100%;\">\n<tbody>\n<tr>\n<td style=\"width: 50%;\"><strong>TIPUS<\/strong><\/td>\n<td style=\"width: 50%;\"><strong>DESCRIPCI\u00d3<\/strong><\/td>\n<\/tr>\n<tr>\n<td style=\"width: 50%;\"><strong>COOKIES PR\u00d2PIES<\/strong><\/td>\n<td style=\"width: 50%;\">S\u00f3n les que s\u2019envien a l\u2019equip terminal de l\u2019usuari<br \/>des d\u2019un equip o domini gestionat pel mateix editor<br \/>i des del qual es presta el servei sol\u00b7licitat per<br \/>l\u2019usuari.<\/td>\n<\/tr>\n<tr>\n<td style=\"width: 50%;\"><strong>COOKIES DE TERCERS<\/strong><\/td>\n<td style=\"width: 50%;\">S\u00f3n les que s\u2019envien a l\u2019equip terminal de l\u2019usuari<br \/>des d\u2019un equip o domini que no \u00e9s gestionat per<br \/>l\u2019editor, sin\u00f3 per una altra entitat que tracta les<br \/>dades obtingudes a trav\u00e9s de les cookies.<\/td>\n<\/tr>\n<\/tbody>\n<\/table>\n<p><strong>Segons el termini de temps que estiguin activades:<\/strong><\/p>\n<table border=\"1\" style=\"border-collapse: collapse; width: 100%;\">\n<tbody>\n<tr>\n<td style=\"width: 50%;\"><strong>TIPUS<\/strong><\/td>\n<td style=\"width: 50%;\"><strong>DESCRIPCI\u00d3<\/strong><\/td>\n<\/tr>\n<tr>\n<td style=\"width: 50%;\"><strong>COOKIES DE SESSI\u00d3<\/strong><\/td>\n<td style=\"width: 50%;\">S\u00f3n les que han estat dissenyades per recopilar i<br \/>emmagatzemar dades mentre l\u2019usuari accedeix a<br \/>una p\u00e0gina web. Se solen emprar per<br \/>emmagatzemar informaci\u00f3 que nom\u00e9s interessa<br \/>conservar per prestar el servei sol\u00b7licitat per<br \/>l\u2019usuari en una sola ocasi\u00f3 (per exemple, una llista<br \/>de productes adquirits), i desapareixen en acabar<br \/>la sessi\u00f3.<\/td>\n<\/tr>\n<tr>\n<td style=\"width: 50%;\"><strong>COOKIES PERSISTENTS<\/strong><\/td>\n<td style=\"width: 50%;\">S\u00f3n aquelles en qu\u00e8 les dades continuen<br \/>emmagatzemades al terminal i que permeten que<br \/>s\u2019hi pugui accedir i es puguin tractar durant un<br \/>per\u00edode de temps definit pel responsable de les<br \/>cookies, i que pot anar d\u2019uns minuts a uns quants<br \/>anys.<\/td>\n<\/tr>\n<\/tbody>\n<\/table>\n<p>&nbsp;<\/p>\n<p><strong>Segons la seva finalitat:<\/strong><\/p>\n<table border=\"1\" style=\"border-collapse: collapse; width: 100%;\">\n<tbody>\n<tr>\n<td style=\"width: 50%;\"><strong>TIPUS<\/strong><\/td>\n<td style=\"width: 50%;\"><strong>DESCRIPCI\u00d3<\/strong><\/td>\n<\/tr>\n<tr>\n<td style=\"width: 50%;\"><strong>COOKIES T\u00c9CNIQUES<\/strong><\/td>\n<td style=\"width: 50%;\">S\u00f3n les que permeten a l\u2019usuari navegar a trav\u00e9s<br \/>d\u2019una p\u00e0gina web, plataforma o aplicaci\u00f3 i fer \u00fas<br \/>de les diferents opcions o serveis disponibles en<br \/>aquesta.<\/td>\n<\/tr>\n<tr>\n<td style=\"width: 50%;\"><strong>COOKIES DE PERSONALITZACI\u00d3<\/strong><\/td>\n<td style=\"width: 50%;\">Permeten aplicar caracter\u00edstiques pr\u00f2pies per a la<br \/>navegaci\u00f3 de l\u2019usuari pel lloc web (p. ex., idioma).<\/td>\n<\/tr>\n<tr>\n<td style=\"width: 50%;\"><strong>COOKIES D&#8217;ANALISI<\/strong><\/td>\n<td style=\"width: 50%;\">S\u00f3n les que permeten que el seu responsable faci<br \/>el seguiment i l\u2019an\u00e0lisi del comportament dels<br \/>usuaris dels llocs web als quals estan vinculades,<br \/>inclosa la quantificaci\u00f3 dels impactes dels anuncis.<br \/>La informaci\u00f3 recollida per mitj\u00e0 d\u2019aquest tipus de<br \/>cookies s\u2019utilitza en el mesurament de l\u2019activitat<br \/>del lloc web, aplicaci\u00f3 o plataforma per introduir<br \/>millores en funci\u00f3 de l\u2019an\u00e0lisi de les dades<br \/>relatives a l\u2019\u00fas que els usuaris fan del servei.<\/td>\n<\/tr>\n<tr>\n<td style=\"width: 50%;\"><strong>COOKIES PUBLICIT\u00c0RIES<\/strong><\/td>\n<td style=\"width: 50%;\">Permeten que l\u2019editor inclogui al web espais<br \/>publicitaris adaptats al contingut del mateix web.<\/td>\n<\/tr>\n<tr>\n<td style=\"width: 50%;\"><strong>COOKIES DE PUBLICITAT COMPORTAMENTAL<\/strong><\/td>\n<td style=\"width: 50%;\">S\u00f3n les que emmagatzemen informaci\u00f3 sobre el<br \/>comportament dels usuaris obtinguda a trav\u00e9s de<br \/>l\u2019observaci\u00f3 continuada dels seus h\u00e0bits de<br \/>navegaci\u00f3, cosa que permet desenvolupar un<br \/>perfil espec\u00edfic per mostrar publicitat en funci\u00f3<br \/>d\u2019aquest.<\/td>\n<\/tr>\n<\/tbody>\n<\/table>\n<p>Addicionalment, BICICLETES NINETA S.L. us informa de manera m\u00e9s detallada sobre les cookies que<br \/>utilitza, els seus titulars, l\u2019\u00fas o la finalitat concreta de cada cookie i els terminis de conservaci\u00f3, aix\u00ed com<br \/>sobre les transfer\u00e8ncies internacionals de dades de cadascuna de les cookies emprades al web:<\/p>\n<p><strong>COOKIES PROPIES<\/strong><\/p>\n<table border=\"1\" style=\"border-collapse: collapse; width: 100%;\">\n<tbody>\n<tr>\n<td style=\"width: 20%;\"><strong>Tipus<\/strong><\/td>\n<td style=\"width: 20%;\"><strong>Titular<\/strong><\/td>\n<td style=\"width: 20%;\"><strong>Cookie<\/strong><\/td>\n<td style=\"width: 20%;\"><strong>Finalitat<\/strong><\/td>\n<td style=\"width: 20%;\"><strong>Conservaci\u00f3<\/strong><\/td>\n<\/tr>\n<tr>\n<td style=\"width: 20%;\">An\u00e0lisi<\/td>\n<td style=\"width: 20%;\">Propietari<\/td>\n<td style=\"width: 20%;\">cookie-agreed-es<\/td>\n<td style=\"width: 20%;\">An\u00e0lisi<\/td>\n<td style=\"width: 20%;\">Persistent<\/td>\n<\/tr>\n<\/tbody>\n<\/table>\n<p><strong>COOKIES DE TERCERS<\/strong><\/p>\n<table border=\"1\" style=\"border-collapse: collapse; width: 100%;\">\n<tbody>\n<tr>\n<td style=\"width: 20%;\"><strong>Tipus<\/strong><\/td>\n<td style=\"width: 20%;\"><strong>Titular<\/strong><\/td>\n<td style=\"width: 20%;\"><strong>Cookie<\/strong><\/td>\n<td style=\"width: 20%;\"><strong>Finalitat<\/strong><\/td>\n<td style=\"width: 20%;\"><strong>Conservaci\u00f3<\/strong><\/td>\n<\/tr>\n<tr>\n<td style=\"width: 20%;\">An\u00e0lisi<\/td>\n<td style=\"width: 20%;\">De tercers<\/td>\n<td style=\"width: 20%;\">__ga<\/td>\n<td style=\"width: 20%;\">An\u00e0lisi<\/td>\n<td style=\"width: 20%;\">Sessi\u00f3<\/td>\n<\/tr>\n<tr>\n<td style=\"width: 20%;\">An\u00e0lisi<\/td>\n<td style=\"width: 20%;\">De tercers<\/td>\n<td style=\"width: 20%;\">__gid<\/td>\n<td style=\"width: 20%;\">An\u00e0lisi<\/td>\n<td style=\"width: 20%;\">Sessi\u00f3<\/td>\n<\/tr>\n<tr>\n<td style=\"width: 20%;\">An\u00e0lisi<\/td>\n<td style=\"width: 20%;\">De tercers<\/td>\n<td style=\"width: 20%;\">intermatia-_zldp<\/td>\n<td style=\"width: 20%;\">An\u00e0lisi<\/td>\n<td style=\"width: 20%;\">Sessi\u00f3<\/td>\n<\/tr>\n<tr>\n<td style=\"width: 20%;\">An\u00e0lisi<\/td>\n<td style=\"width: 20%;\">De tercers<\/td>\n<td style=\"width: 20%;\">intermatia-_zldt<\/td>\n<td style=\"width: 20%;\">An\u00e0lisi<\/td>\n<td style=\"width: 20%;\">Sessi\u00f3<\/td>\n<\/tr>\n<\/tbody>\n<\/table>\n<p>Tingueu en compte que, si accepteu cookies de tercers, les haureu d\u2019eliminar des de les opcions del<br \/>navegador o mitjan\u00e7ant el sistema ofert pel tercer de qu\u00e8 es tracti.<br \/>A continuaci\u00f3 us proporcionem els enlla\u00e7os de diversos navegadors, a trav\u00e9s dels quals podreu modificar<br \/>la configuraci\u00f3 del que tingueu al vostre terminal pel que fa a l\u2019\u00fas de cookies:<\/p>\n<ul>\n<li><strong>Firefox:<\/strong> <a href=\"https:\/\/support.mozilla.org\/es\/kb\/cookies-informacion-que-los-sitios-web-guardan-en-\">https:\/\/support.mozilla.org\/es\/kb\/cookies-informacion-que-los-sitios-web-guardan-en-<\/a><\/li>\n<li><strong>Chrome: <\/strong><a href=\"http:\/\/support.google.com\/chrome\/bin\/answer.py?hl=es&amp;answer=95647\">http:\/\/support.google.com\/chrome\/bin\/answer.py?hl=es&amp;answer=95647<\/a><\/li>\n<li><strong>Microsoft Edge:\u00a0<\/strong><a href=\"https:\/\/support.microsoft.com\/es-es\/microsoft-edge\/eliminar-las-cookies-enmicrosoft-%20edge-63947406-40ac-c3b8-57b9-2a946a29ae09\">https:\/\/support.microsoft.com\/es-es\/microsoft-edge\/eliminar-las-cookies-enmicrosoft-edge-63947406-40ac-c3b8-57b9-2a946a29ae09<\/a><\/li>\n<li><strong>Safari: <\/strong><a href=\"https:\/\/support.apple.com\/kb\/ph17191?locale=es_ES\">https:\/\/support.apple.com\/kb\/ph17191?locale=es_ES<\/a><\/li>\n<li><strong>Opera: <\/strong><a href=\"https:\/\/help.opera.com\/en\/latest\/web-preferences\/#cookies\">https:\/\/help.opera.com\/en\/latest\/web-preferences\/#cookies<\/a><\/li>\n<\/ul>\n<p>Per obtenir m\u00e9s informaci\u00f3 sobre el tractament de les dades personals, us recomanem visitar l\u2019apartat<br \/><a href=\"\/es\/politica-de-privacitat\/\"><span style=\"text-decoration: underline;\">Pol\u00edtica de privacitat<\/span><\/a>.<\/p>\n<p>[\/et_pb_text][\/et_pb_column][\/et_pb_row][\/et_pb_section][et_pb_section fb_built=&#8221;1&#8243; admin_label=&#8221;Footer&#8221; _builder_version=&#8221;4.27.4&#8243; _module_preset=&#8221;default&#8221; background_color=&#8221;#000000&#8243; custom_margin=&#8221;||-19px|||&#8221; custom_padding=&#8221;||0px||false|false&#8221; saved_tabs=&#8221;all&#8221; locked=&#8221;off&#8221; collapsed=&#8221;on&#8221; global_colors_info=&#8221;{}&#8221;][et_pb_row column_structure=&#8221;1_4,1_4,1_4,1_4&#8243; _builder_version=&#8221;4.24.3&#8243; _module_preset=&#8221;default&#8221; max_width=&#8221;none&#8221; min_height=&#8221;232.8px&#8221; global_colors_info=&#8221;{}&#8221;][et_pb_column type=&#8221;1_4&#8243; _builder_version=&#8221;4.24.3&#8243; _module_preset=&#8221;default&#8221; global_colors_info=&#8221;{}&#8221;][et_pb_image src=&#8221;https:\/\/nineta.com\/wp-content\/uploads\/2025\/09\/nineta_logo_peu-web.png&#8221; title_text=&#8221;nineta_logo_peu-web&#8221; _builder_version=&#8221;4.27.4&#8243; _module_preset=&#8221;default&#8221; width=&#8221;46%&#8221; custom_margin=&#8221;|103px||||&#8221; global_colors_info=&#8221;{}&#8221;][\/et_pb_image][\/et_pb_column][et_pb_column type=&#8221;1_4&#8243; _builder_version=&#8221;4.24.3&#8243; _module_preset=&#8221;default&#8221; global_colors_info=&#8221;{}&#8221;][et_pb_heading title=&#8221;Men\u00fa&#8221; _builder_version=&#8221;4.27.4&#8243; _module_preset=&#8221;default&#8221; title_font=&#8221;|600|||||||&#8221; title_text_align=&#8221;left&#8221; title_text_color=&#8221;#FFFFFF&#8221; title_font_size=&#8221;17px&#8221; min_height=&#8221;16.8px&#8221; custom_margin=&#8221;||1px|||&#8221; global_colors_info=&#8221;{}&#8221;][\/et_pb_heading][et_pb_text _builder_version=&#8221;4.27.4&#8243; _module_preset=&#8221;f66f60cc-1cc8-4276-afd6-2a3864535209&#8243; text_font=&#8221;Comfortaa|300|||||||&#8221; text_text_color=&#8221;#FFFFFF&#8221; text_font_size=&#8221;14px&#8221; link_text_color=&#8221;#FFFFFF&#8221; header_text_align=&#8221;left&#8221; custom_margin=&#8221;||10px||false|false&#8221; custom_css_free_form=&#8221;.et_pb_text_2.et_pb_text a, .et_pb_text_3.et_pb_text a, .et_pb_text_4.et_pb_text a {||    color: #ffffff !important;||}&#8221; global_colors_info=&#8221;{%22gcid-3e93bdc5-146d-448e-a761-9f1b4dd51113%22:%91%22quote_border_color%22,%22quote_border_color%22%93,%22gcid-c7d8f091-13fc-48ff-a161-01fd58ed72d5%22:%91%22quote_text_color%22,%22quote_text_color%22%93}&#8221;]<\/p>\n<p><a href=\"\/es\/bicicletes\/?page_id=76\">Bicicletes Nineta<\/a><br \/><a href=\"\/es\/bicicletes\/?page_id=78\">Productes<\/a><br \/><a href=\"\/es\/bicicletes\/?page_id=79\">Serveis<\/a><br \/><a href=\"\/es\/bicicletes\/?page_id=80\">Contacte<\/a><\/p>\n<p>&nbsp;<\/p>\n<p>[\/et_pb_text][\/et_pb_column][et_pb_column type=&#8221;1_4&#8243; _builder_version=&#8221;4.24.3&#8243; _module_preset=&#8221;default&#8221; global_colors_info=&#8221;{}&#8221;][et_pb_heading title=&#8221;Enlla\u00e7os&#8221; _builder_version=&#8221;4.27.4&#8243; _module_preset=&#8221;default&#8221; title_font=&#8221;|600|||||||&#8221; title_text_align=&#8221;left&#8221; title_text_color=&#8221;#FFFFFF&#8221; title_font_size=&#8221;17px&#8221; min_height=&#8221;16.8px&#8221; custom_margin=&#8221;||1px|||&#8221; global_colors_info=&#8221;{}&#8221;][\/et_pb_heading][et_pb_text _builder_version=&#8221;4.27.4&#8243; _module_preset=&#8221;f66f60cc-1cc8-4276-afd6-2a3864535209&#8243; text_font=&#8221;Comfortaa|300|||||||&#8221; text_text_color=&#8221;#FFFFFF&#8221; text_font_size=&#8221;14px&#8221; link_text_color=&#8221;#FFFFFF&#8221; text_orientation=&#8221;center&#8221; custom_margin=&#8221;||10px||false|false&#8221; global_colors_info=&#8221;{%22gcid-3e93bdc5-146d-448e-a761-9f1b4dd51113%22:%91%22quote_border_color%22,%22quote_border_color%22,%22quote_border_color%22%93,%22gcid-c7d8f091-13fc-48ff-a161-01fd58ed72d5%22:%91%22quote_text_color%22,%22quote_text_color%22,%22quote_text_color%22%93}&#8221;]<\/p>\n<p style=\"text-align: left;\"><a href=\"\/es\/bicicletes\/?page_id=457\">Pol\u00edtica de cookies<\/a><br \/><a href=\"\/es\/politica-de-privacitat-3\/\">Pol\u00edtica de privacitat<\/a><br \/><a href=\"\/es\/politica-de-privacitat-en-xarxes-socials\/\">Pol\u00edtica de privacitat en xarxes socials<\/a><br \/><a href=\"\/es\/bicicletes\/?page_id=465\">Av\u00eds legal<\/a><\/p>\n<p>[\/et_pb_text][\/et_pb_column][et_pb_column type=&#8221;1_4&#8243; _builder_version=&#8221;4.24.3&#8243; _module_preset=&#8221;default&#8221; global_colors_info=&#8221;{}&#8221;][et_pb_heading title=&#8221;Contacte&#8221; _builder_version=&#8221;4.27.4&#8243; _module_preset=&#8221;default&#8221; title_font=&#8221;|600|||||||&#8221; title_text_align=&#8221;left&#8221; title_text_color=&#8221;#FFFFFF&#8221; title_font_size=&#8221;17px&#8221; min_height=&#8221;16.8px&#8221; custom_margin=&#8221;||1px|||&#8221; global_colors_info=&#8221;{}&#8221;][\/et_pb_heading][et_pb_text _builder_version=&#8221;4.27.4&#8243; _module_preset=&#8221;f66f60cc-1cc8-4276-afd6-2a3864535209&#8243; text_font=&#8221;Comfortaa|300|||||||&#8221; text_text_color=&#8221;#FFFFFF&#8221; text_font_size=&#8221;14px&#8221; link_text_color=&#8221;#FFFFFF&#8221; text_orientation=&#8221;center&#8221; min_height=&#8221;123px&#8221; custom_margin=&#8221;||-37px||false|false&#8221; custom_padding=&#8221;||10px|||&#8221; global_colors_info=&#8221;{%22gcid-3e93bdc5-146d-448e-a761-9f1b4dd51113%22:%91%22quote_border_color%22,%22quote_border_color%22%93,%22gcid-c7d8f091-13fc-48ff-a161-01fd58ed72d5%22:%91%22quote_text_color%22,%22quote_text_color%22%93}&#8221;]<\/p>\n<p style=\"text-align: justify;\">Carrer de la Tosca, 61, El Moian\u00e8s, 08180 Moi\u00e0, Barcelona<br \/><a href=\"tel:+34938208355\">938 20 83 55<\/a><br \/><a href=\"mailto:bicicletes@nineta.com\">bicicletes@nineta.com<\/a><\/p>\n<p>[\/et_pb_text][et_pb_social_media_follow icon_color=&#8221;#FFFFFF&#8221; _builder_version=&#8221;4.27.4&#8243; _module_preset=&#8221;default&#8221; text_orientation=&#8221;center&#8221; custom_margin=&#8221;20px||||false|false&#8221; text_orientation_tablet=&#8221;center&#8221; text_orientation_phone=&#8221;center&#8221; text_orientation_last_edited=&#8221;on|tablet&#8221; global_colors_info=&#8221;{}&#8221;][et_pb_social_media_follow_network social_network=&#8221;facebook&#8221; url=&#8221;https:\/\/www.facebook.com\/BNineta&#8221; _builder_version=&#8221;4.27.4&#8243; _module_preset=&#8221;default&#8221; background_enable_color=&#8221;off&#8221; global_colors_info=&#8221;{}&#8221; follow_button=&#8221;off&#8221; url_new_window=&#8221;on&#8221;]facebook[\/et_pb_social_media_follow_network][et_pb_social_media_follow_network social_network=&#8221;instagram&#8221; url=&#8221;http:\/\/@bicicletesnineta&#8221; _builder_version=&#8221;4.27.4&#8243; _module_preset=&#8221;default&#8221; background_enable_color=&#8221;off&#8221; global_colors_info=&#8221;{}&#8221; follow_button=&#8221;off&#8221; url_new_window=&#8221;on&#8221;]instagram[\/et_pb_social_media_follow_network][et_pb_social_media_follow_network social_network=&#8221;twitter&#8221; _builder_version=&#8221;4.24.3&#8243; _module_preset=&#8221;default&#8221; background_enable_color=&#8221;off&#8221; global_colors_info=&#8221;{}&#8221; follow_button=&#8221;off&#8221; url_new_window=&#8221;on&#8221;]twitter[\/et_pb_social_media_follow_network][\/et_pb_social_media_follow][\/et_pb_column][\/et_pb_row][\/et_pb_section][et_pb_section fb_built=&#8221;1&#8243; admin_label=&#8221;Footer&#8221; _builder_version=&#8221;4.27.4&#8243; _module_preset=&#8221;default&#8221; background_color=&#8221;#FFFFFF&#8221; custom_padding=&#8221;0px||0px||false|false&#8221; saved_tabs=&#8221;all&#8221; locked=&#8221;off&#8221; collapsed=&#8221;on&#8221; global_colors_info=&#8221;{}&#8221;][et_pb_row _builder_version=&#8221;4.27.4&#8243; _module_preset=&#8221;default&#8221; min_height=&#8221;56px&#8221; custom_margin=&#8221;|auto|-30px|auto||&#8221; global_colors_info=&#8221;{}&#8221;][et_pb_column type=&#8221;4_4&#8243; _builder_version=&#8221;4.27.4&#8243; _module_preset=&#8221;default&#8221; global_colors_info=&#8221;{}&#8221;][et_pb_image src=&#8221;https:\/\/nineta.com\/wp-content\/uploads\/2025\/09\/aaa-3.jpg&#8221; title_text=&#8221;aaa (3)&#8221; align=&#8221;center&#8221; _builder_version=&#8221;4.27.4&#8243; _module_preset=&#8221;default&#8221; global_colors_info=&#8221;{}&#8221;][\/et_pb_image][\/et_pb_column][\/et_pb_row][\/et_pb_section]<\/p>","protected":false},"excerpt":{"rendered":"<p>De conformitat amb el que estableix l\u2019article 22.2 de la Llei 34\/2002, d\u201911 de juliol, de serveis de la societatde la informaci\u00f3 i de comer\u00e7 electr\u00f2nic (LSSI-CE) vigent, BICICLETES NINETA S.L. ha de complir ambl\u2019obligaci\u00f3 d\u2019informar sobre les cookies que utilitza i les seves finalitats. Aquest lloc web utilitza cookies i\/o tecnologies similars que emmagatzemen [&hellip;]<\/p>","protected":false},"author":1,"featured_media":0,"parent":0,"menu_order":0,"comment_status":"closed","ping_status":"closed","template":"","meta":{"_et_pb_use_builder":"on","_et_pb_old_content":"","_et_gb_content_width":"","footnotes":""},"class_list":["post-457","page","type-page","status-publish","hentry"],"yoast_head":"<!-- This site is optimized with the Yoast SEO plugin v26.6 - https:\/\/yoast.com\/wordpress\/plugins\/seo\/ -->\n<title>Cookies Policy - Bicicletes Nineta Moi\u00e0<\/title>\n<meta name=\"robots\" content=\"index, follow, max-snippet:-1, max-image-preview:large, max-video-preview:-1\" \/>\n<link rel=\"canonical\" href=\"https:\/\/nineta.com\/es\/457-2\/\" \/>\n<meta property=\"og:locale\" content=\"es_ES\" \/>\n<meta property=\"og:type\" content=\"article\" \/>\n<meta property=\"og:title\" content=\"Cookies Policy - Bicicletes Nineta Moi\u00e0\" \/>\n<meta property=\"og:description\" content=\"De conformitat amb el que estableix l\u2019article 22.2 de la Llei 34\/2002, d\u201911 de juliol, de serveis de la societatde la informaci\u00f3 i de comer\u00e7 electr\u00f2nic (LSSI-CE) vigent, BICICLETES NINETA S.L. ha de complir ambl\u2019obligaci\u00f3 d\u2019informar sobre les cookies que utilitza i les seves finalitats. Aquest lloc web utilitza cookies i\/o tecnologies similars que emmagatzemen [&hellip;]\" \/>\n<meta property=\"og:url\" content=\"https:\/\/nineta.com\/es\/457-2\/\" \/>\n<meta property=\"og:site_name\" content=\"Bicicletes Nineta Moi\u00e0\" \/>\n<meta property=\"article:modified_time\" content=\"2026-03-17T11:48:35+00:00\" \/>\n<meta name=\"twitter:card\" content=\"summary_large_image\" \/>\n<meta name=\"twitter:label1\" content=\"Tiempo de lectura\" \/>\n\t<meta name=\"twitter:data1\" content=\"9 minutos\" \/>\n<script type=\"application\/ld+json\" class=\"yoast-schema-graph\">{\"@context\":\"https:\/\/schema.org\",\"@graph\":[{\"@type\":\"WebPage\",\"@id\":\"https:\/\/nineta.com\/457-2\/\",\"url\":\"https:\/\/nineta.com\/457-2\/\",\"name\":\"Cookies Policy - Bicicletes Nineta Moi\u00e0\",\"isPartOf\":{\"@id\":\"https:\/\/nineta.com\/#website\"},\"datePublished\":\"2025-09-29T08:32:46+00:00\",\"dateModified\":\"2026-03-17T11:48:35+00:00\",\"breadcrumb\":{\"@id\":\"https:\/\/nineta.com\/457-2\/#breadcrumb\"},\"inLanguage\":\"es\",\"potentialAction\":[{\"@type\":\"ReadAction\",\"target\":[\"https:\/\/nineta.com\/457-2\/\"]}]},{\"@type\":\"BreadcrumbList\",\"@id\":\"https:\/\/nineta.com\/457-2\/#breadcrumb\",\"itemListElement\":[{\"@type\":\"ListItem\",\"position\":1,\"name\":\"Inici\",\"item\":\"https:\/\/nineta.com\/\"},{\"@type\":\"ListItem\",\"position\":2,\"name\":\"Cookies Policy\"}]},{\"@type\":\"WebSite\",\"@id\":\"https:\/\/nineta.com\/#website\",\"url\":\"https:\/\/nineta.com\/\",\"name\":\"Bicicletes Nineta Moi\u00e0\",\"description\":\"Taller de Bicicletes al Moian\u00e8s. Distribuidor Trek\",\"potentialAction\":[{\"@type\":\"SearchAction\",\"target\":{\"@type\":\"EntryPoint\",\"urlTemplate\":\"https:\/\/nineta.com\/?s={search_term_string}\"},\"query-input\":{\"@type\":\"PropertyValueSpecification\",\"valueRequired\":true,\"valueName\":\"search_term_string\"}}],\"inLanguage\":\"es\"}]}<\/script>\n<!-- \/ Yoast SEO plugin. -->","yoast_head_json":{"title":"Cookies Policy - Bicicletes Nineta Moi\u00e0","robots":{"index":"index","follow":"follow","max-snippet":"max-snippet:-1","max-image-preview":"max-image-preview:large","max-video-preview":"max-video-preview:-1"},"canonical":"https:\/\/nineta.com\/es\/457-2\/","og_locale":"es_ES","og_type":"article","og_title":"Cookies Policy - Bicicletes Nineta Moi\u00e0","og_description":"De conformitat amb el que estableix l\u2019article 22.2 de la Llei 34\/2002, d\u201911 de juliol, de serveis de la societatde la informaci\u00f3 i de comer\u00e7 electr\u00f2nic (LSSI-CE) vigent, BICICLETES NINETA S.L. ha de complir ambl\u2019obligaci\u00f3 d\u2019informar sobre les cookies que utilitza i les seves finalitats. Aquest lloc web utilitza cookies i\/o tecnologies similars que emmagatzemen [&hellip;]","og_url":"https:\/\/nineta.com\/es\/457-2\/","og_site_name":"Bicicletes Nineta Moi\u00e0","article_modified_time":"2026-03-17T11:48:35+00:00","twitter_card":"summary_large_image","twitter_misc":{"Tiempo de lectura":"9 minutos"},"schema":{"@context":"https:\/\/schema.org","@graph":[{"@type":"WebPage","@id":"https:\/\/nineta.com\/457-2\/","url":"https:\/\/nineta.com\/457-2\/","name":"Cookies Policy - Bicicletes Nineta Moi\u00e0","isPartOf":{"@id":"https:\/\/nineta.com\/#website"},"datePublished":"2025-09-29T08:32:46+00:00","dateModified":"2026-03-17T11:48:35+00:00","breadcrumb":{"@id":"https:\/\/nineta.com\/457-2\/#breadcrumb"},"inLanguage":"es","potentialAction":[{"@type":"ReadAction","target":["https:\/\/nineta.com\/457-2\/"]}]},{"@type":"BreadcrumbList","@id":"https:\/\/nineta.com\/457-2\/#breadcrumb","itemListElement":[{"@type":"ListItem","position":1,"name":"Inici","item":"https:\/\/nineta.com\/"},{"@type":"ListItem","position":2,"name":"Cookies Policy"}]},{"@type":"WebSite","@id":"https:\/\/nineta.com\/#website","url":"https:\/\/nineta.com\/","name":"Bicicletes Nineta Moi\u00e0","description":"Taller de Bicicletes al Moian\u00e8s. Distribuidor Trek","potentialAction":[{"@type":"SearchAction","target":{"@type":"EntryPoint","urlTemplate":"https:\/\/nineta.com\/?s={search_term_string}"},"query-input":{"@type":"PropertyValueSpecification","valueRequired":true,"valueName":"search_term_string"}}],"inLanguage":"es"}]}},"_links":{"self":[{"href":"https:\/\/nineta.com\/es\/wp-json\/wp\/v2\/pages\/457","targetHints":{"allow":["GET"]}}],"collection":[{"href":"https:\/\/nineta.com\/es\/wp-json\/wp\/v2\/pages"}],"about":[{"href":"https:\/\/nineta.com\/es\/wp-json\/wp\/v2\/types\/page"}],"author":[{"embeddable":true,"href":"https:\/\/nineta.com\/es\/wp-json\/wp\/v2\/users\/1"}],"replies":[{"embeddable":true,"href":"https:\/\/nineta.com\/es\/wp-json\/wp\/v2\/comments?post=457"}],"version-history":[{"count":18,"href":"https:\/\/nineta.com\/es\/wp-json\/wp\/v2\/pages\/457\/revisions"}],"predecessor-version":[{"id":1506,"href":"https:\/\/nineta.com\/es\/wp-json\/wp\/v2\/pages\/457\/revisions\/1506"}],"wp:attachment":[{"href":"https:\/\/nineta.com\/es\/wp-json\/wp\/v2\/media?parent=457"}],"curies":[{"name":"wp","href":"https:\/\/api.w.org\/{rel}","templated":true}]}}