{"id":465,"date":"2025-09-29T10:40:24","date_gmt":"2025-09-29T08:40:24","guid":{"rendered":"https:\/\/nineta.com\/bicicletes\/?page_id=465"},"modified":"2026-03-17T12:37:36","modified_gmt":"2026-03-17T11:37:36","slug":"avis-legal","status":"publish","type":"page","link":"https:\/\/nineta.com\/es\/avis-legal\/","title":{"rendered":"Av\u00eds Legal"},"content":{"rendered":"<p>[et_pb_section fb_built=&#8221;1&#8243; _builder_version=&#8221;4.27.4&#8243; _module_preset=&#8221;default&#8221; custom_margin=&#8221;-30px||||false|false&#8221; global_colors_info=&#8221;{}&#8221;][et_pb_row _builder_version=&#8221;4.27.4&#8243; _module_preset=&#8221;default&#8221; global_colors_info=&#8221;{}&#8221;][et_pb_column type=&#8221;4_4&#8243; _builder_version=&#8221;4.27.4&#8243; _module_preset=&#8221;default&#8221; global_colors_info=&#8221;{}&#8221;][et_pb_heading title=&#8221;Av\u00eds legal&#8221; _builder_version=&#8221;4.27.4&#8243; _module_preset=&#8221;38e28363-994e-4f8d-a02a-e559548cdf62&#8243; title_level=&#8221;h1&#8243; title_font=&#8221;Comfortaa|500|||||||&#8221; max_width=&#8221;1080%&#8221; custom_margin=&#8221;||30px||false|false&#8221; global_colors_info=&#8221;{}&#8221;][\/et_pb_heading][et_pb_text _builder_version=&#8221;4.27.4&#8243; _module_preset=&#8221;default&#8221; custom_padding=&#8221;||4px|||&#8221; global_colors_info=&#8221;{}&#8221;]<\/p>\n<p><span style=\"font-size: 19px;\">En compliment de la Llei 34\/2002, d\u201911 de juliol, de serveis de la societat de la informaci\u00f3 i de comer\u00e7<br \/><\/span><a href=\"tel:+34938208355\" style=\"font-size: 19px; color: #e06a0d !important;\"><\/a>electr\u00f2nic (LSSI-CE), BICICLETES NINETA S.L. informa els usuaris que \u00e9s titular del lloc web. D\u2019acord<br \/>amb el que exigeix l\u2019article 10 de la Llei esmentada, BICICLETES NINETA S.L. informa els usuaris de les<br \/>dades seg\u00fcents:<\/p>\n<table border=\"1\" style=\"border-collapse: collapse; width: 100%; height: 248px;\">\n<tbody>\n<tr style=\"height: 56px;\">\n<td style=\"width: 50%; height: 56px;\"><strong>RA\u00d3 SOCIAL<\/strong><\/td>\n<td style=\"width: 50%; height: 56px;\">BICICLETES NINETA S.L.<\/td>\n<\/tr>\n<tr style=\"height: 24px;\">\n<td style=\"width: 50%; height: 24px;\"><strong>NIF<\/strong><\/td>\n<td style=\"width: 50%; height: 24px;\">B62708037<\/td>\n<\/tr>\n<tr style=\"height: 24px;\">\n<td style=\"width: 50%; height: 24px;\"><strong>DOMINI<\/strong><\/td>\n<td style=\"width: 50%; height: 24px;\">WWW.NINETA.COM<\/td>\n<\/tr>\n<tr style=\"height: 48px;\">\n<td style=\"width: 50%; height: 48px;\"><strong>ADRE\u00c7A POSTAL<\/strong><\/td>\n<td style=\"width: 50%; height: 48px;\">LA TOSCA, 61 LOCAL, 08180 MOIA (BARCELONA)<\/td>\n<\/tr>\n<tr style=\"height: 48px;\">\n<td style=\"width: 50%; height: 48px;\"><strong>ADRE\u00c7A ELECTR\u00d2NICA<\/strong><\/td>\n<td style=\"width: 50%; height: 48px;\">BICICLETES@NINETA.COM<\/td>\n<\/tr>\n<tr style=\"height: 24px;\">\n<td style=\"width: 50%; height: 24px;\"><strong>TEL\u00c8FONS<\/strong><\/td>\n<td style=\"width: 50%; height: 24px;\">937208355<\/td>\n<\/tr>\n<tr style=\"height: 24px;\">\n<td style=\"width: 50%; height: 24px;\"><strong>N\u00ba REGISTRE O DADES ADICIONALS<\/strong><\/td>\n<td style=\"width: 50%; height: 24px;\"><\/td>\n<\/tr>\n<\/tbody>\n<\/table>\n<p><span style=\"color: #e06a0d;\"><\/span><\/p>\n<p><strong>Usuari i r\u00e8gim de responsabilitats<\/strong><\/p>\n<p>La navegaci\u00f3, l\u2019acc\u00e9s i l\u2019\u00fas pel lloc web de BICICLETES NINETA S.L. confereix la condici\u00f3 d\u2019usuari.<br \/>El lloc web de BICICLETES NINETA S.L. proporciona una gran diversitat d\u2019informaci\u00f3, serveis i dades.<br \/>L\u2019usuari assumeix la responsabilitat d\u2019un \u00fas correcte del lloc web.<br \/>Aquesta responsabilitat s\u2019est\u00e9n als aspectes seg\u00fcents:<\/p>\n<ul>\n<li>La veracitat i licitud de les informacions aportades per l\u2019usuari en els formularis facilitats per<br \/>BICICLETES NINETA S.L. per accedir a certs continguts o serveis oferts pel web.<\/li>\n<li>Qualsevol \u00fas de la informaci\u00f3, els serveis i les dades oferts per BICICLETES NINETA S.L. que<br \/>sigui contrari a les presents condicions, a la llei, a la moral, als bons costums o a l\u2019ordre p\u00fablic o<br \/>que pugui suposar, de qualsevol altra manera, una lesi\u00f3 dels drets de tercers o del mateix<br \/>funcionament del lloc web.<\/li>\n<\/ul>\n<p><strong>Pol\u00edtica d&#8217;enlla\u00e7os i exempcions de responsabilitat<\/strong><\/p>\n<p>BICICLETES NINETA S.L. no es fa responsable del contingut dels llocs web als quals l\u2019usuari pugui<br \/>accedir a trav\u00e9s dels enlla\u00e7os establerts al seu lloc web, sempre que no tingui coneixement efectiu que<br \/>l&#8217;activitat o la informaci\u00f3 a la qual remitent o recomana \u00e9s il\u00b7l\u00edcita o que lesiona b\u00e9ns o drets d&#8217;un tercer<br \/>susceptibles d&#8217;indemnitzaci\u00f3, o, en cas de tenir-ho, actu\u00ef amb dilig\u00e8ncia per a suprimir o inutilitzar l&#8217;enlla\u00e7<br \/>corresponent.<\/p>\n<p>S&#8217;entendr\u00e0 que BICICLETES NINETA S.L. t\u00e9 el coneixement efectiu a qu\u00e8 es refereix el par\u00e0graf anterior<br \/>quan un \u00f2rgan competent hagi declarat la il\u00b7licitud de les dades, ordenat la seva retirada o que<br \/>s&#8217;impossibiliti l&#8217;acc\u00e9s a aquests, o s&#8217;hagu\u00e9s declarat l&#8217;exist\u00e8ncia de la lesi\u00f3, i BICICLETES NINETA S.L.<br \/>conegu\u00e9s la corresponent resoluci\u00f3, sense perjudici dels procediments de detecci\u00f3 i retirada de continguts<br \/>que BICICLETES NINETA S.L. aplicaci\u00f3 en virtut d&#8217;acords voluntaris i d&#8217;altres mitjans de coneixement<br \/>efectiu que poguessin establir-se.<\/p>\n<p>BICICLETES NINETA S.L. declara haver adoptat totes les mesures necess\u00e0ries per evitar qualsevol dany<br \/>als usuaris del seu lloc web que es puguin derivar de la navegaci\u00f3 per aquest. En conseq\u00fc\u00e8ncia,<br \/>BICICLETES NINETA S.L. no es fa responsable en cap cas dels danys eventuals que l\u2019usuari pugui patir<br \/>navegant per Internet. Aix\u00ed mateix, tampoc garantir\u00e0 la disponibilitat t\u00e8cnica, exactitud, veracitat, validesa<br \/>o legalitat de llocs aliens a la seva propietat als quals es pugui accedir per mitj\u00e0 dels enlla\u00e7os.<\/p>\n<p><strong>Modificacions<\/strong><\/p>\n<p>BICICLETES NINETA S.L. es reserva la facultat d&#8217;efectuar, en qualsevol moment i sense necessitat de<br \/>previ av\u00eds, modificacions i actualitzacions de la informaci\u00f3 continguda en el seu lloc web o en la<br \/>configuraci\u00f3 i presentaci\u00f3 d&#8217;aquesta. A fi de mantenir actualitzada la informaci\u00f3 publicada, els continguts<br \/>del mateix podran ser modificats, corregits, eliminats o afegits en qualsevol moment, per qualsevol forma<br \/>admissible en dret.<\/p>\n<p><strong>Indicaci\u00f3 de preus<\/strong><\/p>\n<p>En cas que es mostrin preus de productes i\/o serveis, els indicats en pantalla seran els vigents a cada<br \/>moment. Els preus seran indicats en euros i tindran incorporat l&#8217;Impost sobre el Valor Afegit (IVA). En cas<br \/>que no s&#8217;incorpori l&#8217;IVA en el preu, s&#8217;indicar\u00e0 de manera expressa i es permetr\u00e0 a l&#8217;usuari visualitzar el<br \/>preu final complet.<\/p>\n<p>Aix\u00ed mateix, si fos aplicable qualsevol altre impost, aix\u00ed s&#8217;indicaria, incloent, en el seu cas, l&#8217;import dels<br \/>increments o descomptes que siguin aplicable a l&#8217;oferta i les despeses addicionals que puguin repercutir al<br \/>consumidor o usuari.<\/p>\n<p><strong>Propietat intel\u00b7lectual i industrial<\/strong><\/p>\n<p>BICICLETES NINETA S.L., per si mateixa o com a cession\u00e0ria, \u00e9s titular de tots els drets de propietat<br \/>intel\u00b7lectual i industrial del seu web, aix\u00ed com dels elements continguts en aquest (a t\u00edtol enunciatiu,<br \/>imatges, so, \u00e0udio, v\u00eddeo, software o textos, marques o logotips, combinacions de colors, estructura i<br \/>disseny, selecci\u00f3 de materials emprats, programes d\u2019ordinador necessaris per al seu funcionament, acc\u00e9s<br \/>i \u00fas, etc.) que s\u00f3n de titularitat de BICICLETES NINETA S.L.. Es tracta, per tant, d\u2019obres protegides com a<br \/>propietat intel\u00b7lectual per l\u2019ordenament jur\u00eddic espanyol i, en conseq\u00fc\u00e8ncia, els s\u00f3n aplicables tant la<br \/>normativa espanyola i comunit\u00e0ria en aquest camp com els tractats internacionals relatius a la mat\u00e8ria i<br \/>subscrits per Espanya.<\/p>\n<p>Tots els drets reservats. En virtut del que disposa la Llei de propietat intel\u00b7lectual, queden expressament<br \/>prohibides la reproducci\u00f3, la distribuci\u00f3 i la comunicaci\u00f3 p\u00fablica, inclosa la que es faci en la modalitat de<br \/>posada a disposici\u00f3, de la totalitat o qualsevol part dels continguts d\u2019aquest web amb finalitats comercials,<br \/>en qualsevol suport i per qualsevol mitj\u00e0 t\u00e8cnic, sense l\u2019autoritzaci\u00f3 de BICICLETES NINETA S.L..<\/p>\n<p>L\u2019usuari es compromet a respectar els drets de propietat intel\u00b7lectual i industrial dels quals \u00e9s titular<br \/>BICICLETES NINETA S.L.. Pot visualitzar els elements del portal, i fins i tot imprimir-los, copiar-los i<br \/>emmagatzemar-los al disc dur del seu ordinador o en qualsevol altre suport f\u00edsic, sempre que sigui<br \/>\u00fanicament i exclusivament per al seu \u00fas personal i privat. L\u2019usuari s\u2019ha d\u2019abstenir de suprimir, alterar,<br \/>eludir o manipular qualsevol dispositiu de protecci\u00f3 o sistema de seguretat instal\u00b7lat a les p\u00e0gines de<br \/>BICICLETES NINETA S.L..<\/p>\n<p><strong>Accions legals, legislaci\u00f3 aplicable i jurisdicci\u00f3<\/strong><\/p>\n<p>Si l&#8217;usuari desitja presentar una reclamaci\u00f3, haur\u00e0 de contactar mitjan\u00e7ant el correu electr\u00f2nic<br \/>BICICLETES@NINETA.COM. Aix\u00ed mateix, BICICLETES NINETA S.L. disposa de fulles oficials de<br \/>reclamaci\u00f3 a la disposici\u00f3 dels consumidors i usuaris.<\/p>\n<p>BICICLETES NINETA S.L. es reserva la facultat d\u2019exercir les accions civils o penals que consideri<br \/>oportunes per un \u00fas indegut del seu lloc web i continguts o per l\u2019incompliment de les presents condicions.<\/p>\n<p>La relaci\u00f3 entre l\u2019usuari i el prestador es regeix per la normativa vigent i aplicable en territori espanyol. En<br \/>cas que sorgeixi qualsevol controv\u00e8rsia, les parts poden sotmetre el conflicte a arbitratge o acudir a la<br \/>jurisdicci\u00f3 ordin\u00e0ria, complint amb aquest fi les normes sobre jurisdicci\u00f3 i compet\u00e8ncia oportunes.<\/p>\n<p>[\/et_pb_text][\/et_pb_column][\/et_pb_row][\/et_pb_section][et_pb_section fb_built=&#8221;1&#8243; admin_label=&#8221;Footer&#8221; _builder_version=&#8221;4.27.4&#8243; _module_preset=&#8221;default&#8221; background_color=&#8221;#000000&#8243; custom_margin=&#8221;||-19px|||&#8221; custom_padding=&#8221;||0px||false|false&#8221; saved_tabs=&#8221;all&#8221; locked=&#8221;off&#8221; collapsed=&#8221;on&#8221; global_colors_info=&#8221;{}&#8221;][et_pb_row column_structure=&#8221;1_4,1_4,1_4,1_4&#8243; _builder_version=&#8221;4.24.3&#8243; _module_preset=&#8221;default&#8221; max_width=&#8221;none&#8221; min_height=&#8221;232.8px&#8221; global_colors_info=&#8221;{}&#8221;][et_pb_column type=&#8221;1_4&#8243; _builder_version=&#8221;4.24.3&#8243; _module_preset=&#8221;default&#8221; global_colors_info=&#8221;{}&#8221;][et_pb_image src=&#8221;https:\/\/nineta.com\/wp-content\/uploads\/2025\/09\/nineta_logo_peu-web.png&#8221; title_text=&#8221;nineta_logo_peu-web&#8221; _builder_version=&#8221;4.27.4&#8243; _module_preset=&#8221;default&#8221; width=&#8221;46%&#8221; custom_margin=&#8221;|103px||||&#8221; locked=&#8221;off&#8221; global_colors_info=&#8221;{}&#8221;][\/et_pb_image][\/et_pb_column][et_pb_column type=&#8221;1_4&#8243; _builder_version=&#8221;4.24.3&#8243; _module_preset=&#8221;default&#8221; global_colors_info=&#8221;{}&#8221;][et_pb_heading title=&#8221;Men\u00fa&#8221; _builder_version=&#8221;4.27.4&#8243; _module_preset=&#8221;default&#8221; title_font=&#8221;|600|||||||&#8221; title_text_align=&#8221;left&#8221; title_text_color=&#8221;#FFFFFF&#8221; title_font_size=&#8221;17px&#8221; min_height=&#8221;16.8px&#8221; custom_margin=&#8221;||1px|||&#8221; global_colors_info=&#8221;{}&#8221;][\/et_pb_heading][et_pb_text _builder_version=&#8221;4.27.4&#8243; _module_preset=&#8221;f66f60cc-1cc8-4276-afd6-2a3864535209&#8243; text_font=&#8221;Comfortaa|300|||||||&#8221; text_text_color=&#8221;#FFFFFF&#8221; text_font_size=&#8221;14px&#8221; link_text_color=&#8221;#FFFFFF&#8221; header_text_align=&#8221;left&#8221; custom_margin=&#8221;||10px||false|false&#8221; custom_css_free_form=&#8221;.et_pb_text_2.et_pb_text a, .et_pb_text_3.et_pb_text a, .et_pb_text_4.et_pb_text a {||    color: #ffffff !important;||}&#8221; global_colors_info=&#8221;{%22gcid-3e93bdc5-146d-448e-a761-9f1b4dd51113%22:%91%22quote_border_color%22,%22quote_border_color%22%93,%22gcid-c7d8f091-13fc-48ff-a161-01fd58ed72d5%22:%91%22quote_text_color%22,%22quote_text_color%22%93}&#8221;]<\/p>\n<p><a href=\"\/es\/bicicletes\/?page_id=76\">Bicicletes Nineta<\/a><br \/><a href=\"\/es\/bicicletes\/?page_id=78\">Productes<\/a><br \/><a href=\"\/es\/bicicletes\/?page_id=79\">Serveis<\/a><br \/><a href=\"\/es\/bicicletes\/?page_id=80\">Contacte<\/a><\/p>\n<p>&nbsp;<\/p>\n<p>[\/et_pb_text][\/et_pb_column][et_pb_column type=&#8221;1_4&#8243; _builder_version=&#8221;4.24.3&#8243; _module_preset=&#8221;default&#8221; global_colors_info=&#8221;{}&#8221;][et_pb_heading title=&#8221;Enlla\u00e7os&#8221; _builder_version=&#8221;4.27.4&#8243; _module_preset=&#8221;default&#8221; title_font=&#8221;|600|||||||&#8221; title_text_align=&#8221;left&#8221; title_text_color=&#8221;#FFFFFF&#8221; title_font_size=&#8221;17px&#8221; min_height=&#8221;16.8px&#8221; custom_margin=&#8221;||1px|||&#8221; global_colors_info=&#8221;{}&#8221;][\/et_pb_heading][et_pb_text _builder_version=&#8221;4.27.4&#8243; _module_preset=&#8221;f66f60cc-1cc8-4276-afd6-2a3864535209&#8243; text_font=&#8221;Comfortaa|300|||||||&#8221; text_text_color=&#8221;#FFFFFF&#8221; text_font_size=&#8221;14px&#8221; link_text_color=&#8221;#FFFFFF&#8221; text_orientation=&#8221;center&#8221; custom_margin=&#8221;||10px||false|false&#8221; hover_enabled=&#8221;0&#8243; global_colors_info=&#8221;{%22gcid-3e93bdc5-146d-448e-a761-9f1b4dd51113%22:%91%22quote_border_color%22,%22quote_border_color%22,%22quote_border_color%22%93,%22gcid-c7d8f091-13fc-48ff-a161-01fd58ed72d5%22:%91%22quote_text_color%22,%22quote_text_color%22,%22quote_text_color%22%93}&#8221; sticky_enabled=&#8221;0&#8243;]<\/p>\n<p style=\"text-align: left;\"><a href=\"\/es\/bicicletes\/?page_id=457\">Pol\u00edtica de cookies<\/a><br \/><a href=\"\/es\/politica-de-privacitat-3\/\">Pol\u00edtica de privacitat<\/a><br \/><a href=\"\/es\/politica-de-privacitat-en-xarxes-socials\/\">Pol\u00edtica de privacitat en xarxes socials<\/a><br \/><a href=\"\/es\/bicicletes\/?page_id=465\">Av\u00eds legal<\/a><\/p>\n<p>[\/et_pb_text][\/et_pb_column][et_pb_column type=&#8221;1_4&#8243; _builder_version=&#8221;4.24.3&#8243; _module_preset=&#8221;default&#8221; global_colors_info=&#8221;{}&#8221;][et_pb_heading title=&#8221;Contacte&#8221; _builder_version=&#8221;4.27.4&#8243; _module_preset=&#8221;default&#8221; title_font=&#8221;|600|||||||&#8221; title_text_align=&#8221;left&#8221; title_text_color=&#8221;#FFFFFF&#8221; title_font_size=&#8221;17px&#8221; min_height=&#8221;16.8px&#8221; custom_margin=&#8221;||1px|||&#8221; global_colors_info=&#8221;{}&#8221;][\/et_pb_heading][et_pb_text _builder_version=&#8221;4.27.4&#8243; _module_preset=&#8221;f66f60cc-1cc8-4276-afd6-2a3864535209&#8243; text_font=&#8221;Comfortaa|300|||||||&#8221; text_text_color=&#8221;#FFFFFF&#8221; text_font_size=&#8221;14px&#8221; link_text_color=&#8221;#FFFFFF&#8221; text_orientation=&#8221;center&#8221; min_height=&#8221;123px&#8221; custom_margin=&#8221;||-37px||false|false&#8221; custom_padding=&#8221;||10px|||&#8221; global_colors_info=&#8221;{%22gcid-3e93bdc5-146d-448e-a761-9f1b4dd51113%22:%91%22quote_border_color%22,%22quote_border_color%22%93,%22gcid-c7d8f091-13fc-48ff-a161-01fd58ed72d5%22:%91%22quote_text_color%22,%22quote_text_color%22%93}&#8221;]<\/p>\n<p style=\"text-align: justify;\">Carrer de la Tosca, 61, El Moian\u00e8s, 08180 Moi\u00e0, Barcelona<br \/><a href=\"tel:+34938208355\">938 20 83 55<\/a><br \/><a href=\"mailto:bicicletes@nineta.com\">bicicletes@nineta.com<\/a><\/p>\n<p>[\/et_pb_text][et_pb_social_media_follow icon_color=&#8221;#FFFFFF&#8221; _builder_version=&#8221;4.27.4&#8243; _module_preset=&#8221;default&#8221; text_orientation=&#8221;center&#8221; custom_margin=&#8221;20px||||false|false&#8221; text_orientation_tablet=&#8221;center&#8221; text_orientation_phone=&#8221;center&#8221; text_orientation_last_edited=&#8221;on|tablet&#8221; global_colors_info=&#8221;{}&#8221;][et_pb_social_media_follow_network social_network=&#8221;facebook&#8221; url=&#8221;https:\/\/www.facebook.com\/BNineta&#8221; _builder_version=&#8221;4.27.4&#8243; _module_preset=&#8221;default&#8221; background_enable_color=&#8221;off&#8221; global_colors_info=&#8221;{}&#8221; follow_button=&#8221;off&#8221; url_new_window=&#8221;on&#8221;]facebook[\/et_pb_social_media_follow_network][et_pb_social_media_follow_network social_network=&#8221;instagram&#8221; url=&#8221;http:\/\/@bicicletesnineta&#8221; _builder_version=&#8221;4.27.4&#8243; _module_preset=&#8221;default&#8221; background_enable_color=&#8221;off&#8221; global_colors_info=&#8221;{}&#8221; follow_button=&#8221;off&#8221; url_new_window=&#8221;on&#8221;]instagram[\/et_pb_social_media_follow_network][et_pb_social_media_follow_network social_network=&#8221;twitter&#8221; _builder_version=&#8221;4.24.3&#8243; _module_preset=&#8221;default&#8221; background_enable_color=&#8221;off&#8221; global_colors_info=&#8221;{}&#8221; follow_button=&#8221;off&#8221; url_new_window=&#8221;on&#8221;]twitter[\/et_pb_social_media_follow_network][\/et_pb_social_media_follow][\/et_pb_column][\/et_pb_row][\/et_pb_section][et_pb_section fb_built=&#8221;1&#8243; admin_label=&#8221;Footer&#8221; _builder_version=&#8221;4.27.4&#8243; _module_preset=&#8221;default&#8221; background_color=&#8221;#FFFFFF&#8221; custom_padding=&#8221;0px||0px||false|false&#8221; saved_tabs=&#8221;all&#8221; locked=&#8221;off&#8221; collapsed=&#8221;on&#8221; global_colors_info=&#8221;{}&#8221;][et_pb_row _builder_version=&#8221;4.27.4&#8243; _module_preset=&#8221;default&#8221; min_height=&#8221;56px&#8221; custom_margin=&#8221;|auto|-30px|auto||&#8221; global_colors_info=&#8221;{}&#8221;][et_pb_column type=&#8221;4_4&#8243; _builder_version=&#8221;4.27.4&#8243; _module_preset=&#8221;default&#8221; global_colors_info=&#8221;{}&#8221;][et_pb_image src=&#8221;https:\/\/nineta.com\/wp-content\/uploads\/2025\/09\/aaa-3.jpg&#8221; title_text=&#8221;aaa (3)&#8221; align=&#8221;center&#8221; _builder_version=&#8221;4.27.4&#8243; _module_preset=&#8221;default&#8221; global_colors_info=&#8221;{}&#8221;][\/et_pb_image][\/et_pb_column][\/et_pb_row][\/et_pb_section]<\/p>","protected":false},"excerpt":{"rendered":"<p>En compliment de la Llei 34\/2002, d\u201911 de juliol, de serveis de la societat de la informaci\u00f3 i de comer\u00e7electr\u00f2nic (LSSI-CE), BICICLETES NINETA S.L. informa els usuaris que \u00e9s titular del lloc web. D\u2019acordamb el que exigeix l\u2019article 10 de la Llei esmentada, BICICLETES NINETA S.L. informa els usuaris de lesdades seg\u00fcents: RA\u00d3 SOCIAL BICICLETES [&hellip;]<\/p>","protected":false},"author":1,"featured_media":0,"parent":0,"menu_order":0,"comment_status":"closed","ping_status":"closed","template":"","meta":{"_et_pb_use_builder":"on","_et_pb_old_content":"","_et_gb_content_width":"","footnotes":""},"class_list":["post-465","page","type-page","status-publish","hentry"],"yoast_head":"<!-- This site is optimized with the Yoast SEO plugin v26.6 - https:\/\/yoast.com\/wordpress\/plugins\/seo\/ -->\n<title>Av\u00eds Legal - Bicicletes Nineta Moi\u00e0<\/title>\n<meta name=\"robots\" content=\"index, follow, max-snippet:-1, max-image-preview:large, max-video-preview:-1\" \/>\n<link rel=\"canonical\" href=\"https:\/\/nineta.com\/es\/avis-legal\/\" \/>\n<meta property=\"og:locale\" content=\"es_ES\" \/>\n<meta property=\"og:type\" content=\"article\" \/>\n<meta property=\"og:title\" content=\"Av\u00eds Legal - Bicicletes Nineta Moi\u00e0\" \/>\n<meta property=\"og:description\" content=\"En compliment de la Llei 34\/2002, d\u201911 de juliol, de serveis de la societat de la informaci\u00f3 i de comer\u00e7electr\u00f2nic (LSSI-CE), BICICLETES NINETA S.L. informa els usuaris que \u00e9s titular del lloc web. D\u2019acordamb el que exigeix l\u2019article 10 de la Llei esmentada, BICICLETES NINETA S.L. informa els usuaris de lesdades seg\u00fcents: RA\u00d3 SOCIAL BICICLETES [&hellip;]\" \/>\n<meta property=\"og:url\" content=\"https:\/\/nineta.com\/es\/avis-legal\/\" \/>\n<meta property=\"og:site_name\" content=\"Bicicletes Nineta Moi\u00e0\" \/>\n<meta property=\"article:modified_time\" content=\"2026-03-17T11:37:36+00:00\" \/>\n<meta name=\"twitter:card\" content=\"summary_large_image\" \/>\n<meta name=\"twitter:label1\" content=\"Tiempo de lectura\" \/>\n\t<meta name=\"twitter:data1\" content=\"10 minutos\" \/>\n<script type=\"application\/ld+json\" class=\"yoast-schema-graph\">{\"@context\":\"https:\/\/schema.org\",\"@graph\":[{\"@type\":\"WebPage\",\"@id\":\"https:\/\/nineta.com\/avis-legal\/\",\"url\":\"https:\/\/nineta.com\/avis-legal\/\",\"name\":\"Av\u00eds Legal - Bicicletes Nineta Moi\u00e0\",\"isPartOf\":{\"@id\":\"https:\/\/nineta.com\/#website\"},\"datePublished\":\"2025-09-29T08:40:24+00:00\",\"dateModified\":\"2026-03-17T11:37:36+00:00\",\"breadcrumb\":{\"@id\":\"https:\/\/nineta.com\/avis-legal\/#breadcrumb\"},\"inLanguage\":\"es\",\"potentialAction\":[{\"@type\":\"ReadAction\",\"target\":[\"https:\/\/nineta.com\/avis-legal\/\"]}]},{\"@type\":\"BreadcrumbList\",\"@id\":\"https:\/\/nineta.com\/avis-legal\/#breadcrumb\",\"itemListElement\":[{\"@type\":\"ListItem\",\"position\":1,\"name\":\"Inici\",\"item\":\"https:\/\/nineta.com\/\"},{\"@type\":\"ListItem\",\"position\":2,\"name\":\"Av\u00eds Legal\"}]},{\"@type\":\"WebSite\",\"@id\":\"https:\/\/nineta.com\/#website\",\"url\":\"https:\/\/nineta.com\/\",\"name\":\"Bicicletes Nineta Moi\u00e0\",\"description\":\"Taller de Bicicletes al Moian\u00e8s. Distribuidor Trek\",\"potentialAction\":[{\"@type\":\"SearchAction\",\"target\":{\"@type\":\"EntryPoint\",\"urlTemplate\":\"https:\/\/nineta.com\/?s={search_term_string}\"},\"query-input\":{\"@type\":\"PropertyValueSpecification\",\"valueRequired\":true,\"valueName\":\"search_term_string\"}}],\"inLanguage\":\"es\"}]}<\/script>\n<!-- \/ Yoast SEO plugin. -->","yoast_head_json":{"title":"Av\u00eds Legal - Bicicletes Nineta Moi\u00e0","robots":{"index":"index","follow":"follow","max-snippet":"max-snippet:-1","max-image-preview":"max-image-preview:large","max-video-preview":"max-video-preview:-1"},"canonical":"https:\/\/nineta.com\/es\/avis-legal\/","og_locale":"es_ES","og_type":"article","og_title":"Av\u00eds Legal - Bicicletes Nineta Moi\u00e0","og_description":"En compliment de la Llei 34\/2002, d\u201911 de juliol, de serveis de la societat de la informaci\u00f3 i de comer\u00e7electr\u00f2nic (LSSI-CE), BICICLETES NINETA S.L. informa els usuaris que \u00e9s titular del lloc web. D\u2019acordamb el que exigeix l\u2019article 10 de la Llei esmentada, BICICLETES NINETA S.L. informa els usuaris de lesdades seg\u00fcents: RA\u00d3 SOCIAL BICICLETES [&hellip;]","og_url":"https:\/\/nineta.com\/es\/avis-legal\/","og_site_name":"Bicicletes Nineta Moi\u00e0","article_modified_time":"2026-03-17T11:37:36+00:00","twitter_card":"summary_large_image","twitter_misc":{"Tiempo de lectura":"10 minutos"},"schema":{"@context":"https:\/\/schema.org","@graph":[{"@type":"WebPage","@id":"https:\/\/nineta.com\/avis-legal\/","url":"https:\/\/nineta.com\/avis-legal\/","name":"Av\u00eds Legal - Bicicletes Nineta Moi\u00e0","isPartOf":{"@id":"https:\/\/nineta.com\/#website"},"datePublished":"2025-09-29T08:40:24+00:00","dateModified":"2026-03-17T11:37:36+00:00","breadcrumb":{"@id":"https:\/\/nineta.com\/avis-legal\/#breadcrumb"},"inLanguage":"es","potentialAction":[{"@type":"ReadAction","target":["https:\/\/nineta.com\/avis-legal\/"]}]},{"@type":"BreadcrumbList","@id":"https:\/\/nineta.com\/avis-legal\/#breadcrumb","itemListElement":[{"@type":"ListItem","position":1,"name":"Inici","item":"https:\/\/nineta.com\/"},{"@type":"ListItem","position":2,"name":"Av\u00eds Legal"}]},{"@type":"WebSite","@id":"https:\/\/nineta.com\/#website","url":"https:\/\/nineta.com\/","name":"Bicicletes Nineta Moi\u00e0","description":"Taller de Bicicletes al Moian\u00e8s. Distribuidor Trek","potentialAction":[{"@type":"SearchAction","target":{"@type":"EntryPoint","urlTemplate":"https:\/\/nineta.com\/?s={search_term_string}"},"query-input":{"@type":"PropertyValueSpecification","valueRequired":true,"valueName":"search_term_string"}}],"inLanguage":"es"}]}},"_links":{"self":[{"href":"https:\/\/nineta.com\/es\/wp-json\/wp\/v2\/pages\/465","targetHints":{"allow":["GET"]}}],"collection":[{"href":"https:\/\/nineta.com\/es\/wp-json\/wp\/v2\/pages"}],"about":[{"href":"https:\/\/nineta.com\/es\/wp-json\/wp\/v2\/types\/page"}],"author":[{"embeddable":true,"href":"https:\/\/nineta.com\/es\/wp-json\/wp\/v2\/users\/1"}],"replies":[{"embeddable":true,"href":"https:\/\/nineta.com\/es\/wp-json\/wp\/v2\/comments?post=465"}],"version-history":[{"count":14,"href":"https:\/\/nineta.com\/es\/wp-json\/wp\/v2\/pages\/465\/revisions"}],"predecessor-version":[{"id":1504,"href":"https:\/\/nineta.com\/es\/wp-json\/wp\/v2\/pages\/465\/revisions\/1504"}],"wp:attachment":[{"href":"https:\/\/nineta.com\/es\/wp-json\/wp\/v2\/media?parent=465"}],"curies":[{"name":"wp","href":"https:\/\/api.w.org\/{rel}","templated":true}]}}