{"id":754,"date":"2025-10-20T10:27:53","date_gmt":"2025-10-20T08:27:53","guid":{"rendered":"https:\/\/nineta.com\/bicicletes\/?page_id=754"},"modified":"2026-03-17T12:36:29","modified_gmt":"2026-03-17T11:36:29","slug":"754-2","status":"publish","type":"page","link":"https:\/\/nineta.com\/es\/754-2\/","title":{"rendered":"Cat\u00e0leg Trek"},"content":{"rendered":"<p>[et_pb_section fb_built=&#8221;1&#8243; _builder_version=&#8221;4.27.4&#8243; _module_preset=&#8221;default&#8221; custom_padding=&#8221;||1px|||&#8221; global_colors_info=&#8221;{}&#8221;][et_pb_row _builder_version=&#8221;4.27.4&#8243; _module_preset=&#8221;default&#8221; global_colors_info=&#8221;{}&#8221;][et_pb_column type=&#8221;4_4&#8243; _builder_version=&#8221;4.27.4&#8243; _module_preset=&#8221;default&#8221; global_colors_info=&#8221;{}&#8221;][et_pb_heading title=&#8221;El nostre cat\u00e0leg online&#8221; _builder_version=&#8221;4.27.4&#8243; _module_preset=&#8221;default&#8221; title_level=&#8221;h2&#8243; title_font=&#8221;&#8211;et_global_heading_font|700|||||||&#8221; title_text_align=&#8221;center&#8221; title_font_size=&#8221;40px&#8221; width=&#8221;100%&#8221; custom_margin=&#8221;||30px|||&#8221; custom_padding=&#8221;||0px|||&#8221; title_font_size_tablet=&#8221;40px&#8221; title_font_size_phone=&#8221;25px&#8221; title_font_size_last_edited=&#8221;on|phone&#8221; global_colors_info=&#8221;{}&#8221;][\/et_pb_heading][et_pb_icon font_icon=&#8221;&#xf2d1;||fa||900&#8243; icon_color=&#8221;#ED8600&#8243; icon_width=&#8221;25px&#8221; _builder_version=&#8221;4.27.4&#8243; _module_preset=&#8221;default&#8221; custom_margin=&#8221;-35px|||||&#8221; global_colors_info=&#8221;{}&#8221;][\/et_pb_icon][\/et_pb_column][\/et_pb_row][et_pb_row _builder_version=&#8221;4.27.4&#8243; _module_preset=&#8221;default&#8221; min_height=&#8221;223.7px&#8221; global_colors_info=&#8221;{}&#8221;][et_pb_column type=&#8221;4_4&#8243; _builder_version=&#8221;4.27.4&#8243; _module_preset=&#8221;default&#8221; global_colors_info=&#8221;{}&#8221;][et_pb_code _builder_version=&#8221;4.27.4&#8243; _module_preset=&#8221;default&#8221; global_colors_info=&#8221;{}&#8221;]<!-- LOCALLY.COM WIDGET EMBED CODE --><!-- [et_pb_line_break_holder] --><!-- [et_pb_line_break_holder] --><\/p>\n<div id=\"lcly-button-0\"<!--no numeric noise key 1019-->     data-switchlive=&#8221;true&#8221;<!-- [et_pb_line_break_holder] -->     data-switchlive-impression=&#8221;true&#8221;<!-- [et_pb_line_break_holder] -->     data-switchlive-impression-id-PL=&#8221;1&#8243;><!-- [et_pb_line_break_holder] -->  <a id=\"lcly-link-0\"<!--no numeric noise key 1015-->     data-switchlive=&#8221;true&#8221;<!-- [et_pb_line_break_holder] -->     data-switchlive-mode=&#8221;auto&#8221;<!-- [et_pb_line_break_holder] -->     data-switchlive-id-PL=&#8221;6&#8243;<!-- [et_pb_line_break_holder] -->     role=&#8221;button&#8221;<!-- [et_pb_line_break_holder] -->     href=&#8221;https:\/\/www.locally.com&#8221;<!-- [et_pb_line_break_holder] -->     target=&#8221;_blank&#8221;><!-- [et_pb_line_break_holder] -->    Powered by Locally<!-- [et_pb_line_break_holder] -->  <\/a><!-- [et_pb_line_break_holder] --><\/div>\n<p><!-- [et_pb_line_break_holder] --><!-- [et_pb_line_break_holder] --><script id=\"lcly-script-0\" async><\/script><!-- [et_pb_line_break_holder] --><script id=\"lcly-config-0\"><!-- [et_pb_line_break_holder] -->  var __lcly_channel_domain_0 = \"locally\";<!-- [et_pb_line_break_holder] -->  var lcly_config_0 = {<!-- [et_pb_line_break_holder] -->    \"store\": \"250116\",<!-- [et_pb_line_break_holder] -->    \"uri\": \"search\"<!-- [et_pb_line_break_holder] -->  };<!-- [et_pb_line_break_holder] -->  var lcly_query_0 = Object.keys(lcly_config_0)<!-- [et_pb_line_break_holder] -->    .reduce(function(a, k) {<!-- [et_pb_line_break_holder] -->      a.push(encodeURIComponent(k) + '=' + encodeURIComponent(<!-- [et_pb_line_break_holder] -->        (typeof lcly_config_0[k] === 'object' && lcly_config_0[k] !== null)<!-- [et_pb_line_break_holder] -->          ? JSON.stringify(lcly_config_0[k])<!-- [et_pb_line_break_holder] -->          : lcly_config_0[k]<!-- [et_pb_line_break_holder] -->      ));<!-- [et_pb_line_break_holder] -->      return a;<!-- [et_pb_line_break_holder] -->    }, []).join('&');<!-- [et_pb_line_break_holder] -->  var lcly_endpoint_0 = 'https:\/\/BicicletesNineta.locally.com\/widgets\/search.js?' + lcly_query_0;<!-- [et_pb_line_break_holder] -->  document.getElementById('lcly-script-0').src = lcly_endpoint_0;<!-- [et_pb_line_break_holder] --><\/script><!-- [et_pb_line_break_holder] --><!-- [et_pb_line_break_holder] --> <!-- [et_pb_line_break_holder] --><!-- [et_pb_line_break_holder] -->[\/et_pb_code][\/et_pb_column][\/et_pb_row][\/et_pb_section][et_pb_section fb_built=&#8221;1&#8243; admin_label=&#8221;Footer&#8221; _builder_version=&#8221;4.27.4&#8243; _module_preset=&#8221;default&#8221; background_color=&#8221;#000000&#8243; custom_margin=&#8221;||-19px|||&#8221; custom_padding=&#8221;||0px||false|false&#8221; saved_tabs=&#8221;all&#8221; locked=&#8221;off&#8221; collapsed=&#8221;on&#8221; global_colors_info=&#8221;{}&#8221;][et_pb_row column_structure=&#8221;1_4,1_4,1_4,1_4&#8243; _builder_version=&#8221;4.24.3&#8243; _module_preset=&#8221;default&#8221; max_width=&#8221;none&#8221; min_height=&#8221;232.8px&#8221; global_colors_info=&#8221;{}&#8221;][et_pb_column type=&#8221;1_4&#8243; _builder_version=&#8221;4.24.3&#8243; _module_preset=&#8221;default&#8221; global_colors_info=&#8221;{}&#8221;][et_pb_image src=&#8221;https:\/\/nineta.com\/wp-content\/uploads\/2025\/09\/nineta_logo_peu-web.png&#8221; title_text=&#8221;nineta_logo_peu-web&#8221; _builder_version=&#8221;4.27.4&#8243; _module_preset=&#8221;default&#8221; width=&#8221;46%&#8221; custom_margin=&#8221;|103px||||&#8221; locked=&#8221;off&#8221; global_colors_info=&#8221;{}&#8221;][\/et_pb_image][\/et_pb_column][et_pb_column type=&#8221;1_4&#8243; _builder_version=&#8221;4.24.3&#8243; _module_preset=&#8221;default&#8221; global_colors_info=&#8221;{}&#8221;][et_pb_heading title=&#8221;Men\u00fa&#8221; _builder_version=&#8221;4.27.4&#8243; _module_preset=&#8221;default&#8221; title_font=&#8221;|600|||||||&#8221; title_text_align=&#8221;left&#8221; title_text_color=&#8221;#FFFFFF&#8221; title_font_size=&#8221;17px&#8221; min_height=&#8221;16.8px&#8221; custom_margin=&#8221;||1px|||&#8221; global_colors_info=&#8221;{}&#8221;][\/et_pb_heading][et_pb_text _builder_version=&#8221;4.27.4&#8243; _module_preset=&#8221;f66f60cc-1cc8-4276-afd6-2a3864535209&#8243; text_font=&#8221;Comfortaa|300|||||||&#8221; text_text_color=&#8221;#FFFFFF&#8221; text_font_size=&#8221;14px&#8221; link_text_color=&#8221;#FFFFFF&#8221; header_text_align=&#8221;left&#8221; custom_margin=&#8221;||10px||false|false&#8221; custom_css_free_form=&#8221;.et_pb_text_2.et_pb_text a, .et_pb_text_3.et_pb_text a, .et_pb_text_4.et_pb_text a {||    color: #ffffff !important;||}&#8221; global_colors_info=&#8221;{%22gcid-3e93bdc5-146d-448e-a761-9f1b4dd51113%22:%91%22quote_border_color%22,%22quote_border_color%22%93,%22gcid-c7d8f091-13fc-48ff-a161-01fd58ed72d5%22:%91%22quote_text_color%22,%22quote_text_color%22%93}&#8221;]<\/p>\n<p><a href=\"\/es\/bicicletes\/?page_id=76\">Bicicletes Nineta<\/a><br \/><a href=\"\/es\/bicicletes\/?page_id=78\">Productes<\/a><br \/><a href=\"\/es\/bicicletes\/?page_id=79\">Serveis<\/a><br \/><a href=\"\/es\/bicicletes\/?page_id=80\">Contacte<\/a><\/p>\n<p>&nbsp;<\/p>\n<p>[\/et_pb_text][\/et_pb_column][et_pb_column type=&#8221;1_4&#8243; _builder_version=&#8221;4.24.3&#8243; _module_preset=&#8221;default&#8221; global_colors_info=&#8221;{}&#8221;][et_pb_heading title=&#8221;Enlla\u00e7os&#8221; _builder_version=&#8221;4.27.4&#8243; _module_preset=&#8221;default&#8221; title_font=&#8221;|600|||||||&#8221; title_text_align=&#8221;left&#8221; title_text_color=&#8221;#FFFFFF&#8221; title_font_size=&#8221;17px&#8221; min_height=&#8221;16.8px&#8221; custom_margin=&#8221;||1px|||&#8221; global_colors_info=&#8221;{}&#8221;][\/et_pb_heading][et_pb_text _builder_version=&#8221;4.27.4&#8243; _module_preset=&#8221;f66f60cc-1cc8-4276-afd6-2a3864535209&#8243; text_font=&#8221;Comfortaa|300|||||||&#8221; text_text_color=&#8221;#FFFFFF&#8221; text_font_size=&#8221;14px&#8221; link_text_color=&#8221;#FFFFFF&#8221; text_orientation=&#8221;center&#8221; custom_margin=&#8221;||10px||false|false&#8221; hover_enabled=&#8221;0&#8243; global_colors_info=&#8221;{%22gcid-3e93bdc5-146d-448e-a761-9f1b4dd51113%22:%91%22quote_border_color%22,%22quote_border_color%22,%22quote_border_color%22%93,%22gcid-c7d8f091-13fc-48ff-a161-01fd58ed72d5%22:%91%22quote_text_color%22,%22quote_text_color%22,%22quote_text_color%22%93}&#8221; sticky_enabled=&#8221;0&#8243;]<\/p>\n<p style=\"text-align: left;\"><a href=\"\/es\/bicicletes\/?page_id=457\">Pol\u00edtica de cookies<\/a><br \/><a href=\"\/es\/politica-de-privacitat-3\/\">Pol\u00edtica de privacitat<\/a><br \/><a href=\"\/es\/politica-de-privacitat-en-xarxes-socials\/\">Pol\u00edtica de privacitat en xarxes socials<\/a><br \/><a href=\"\/es\/bicicletes\/?page_id=465\">Av\u00eds legal<\/a><\/p>\n<p>[\/et_pb_text][\/et_pb_column][et_pb_column type=&#8221;1_4&#8243; _builder_version=&#8221;4.24.3&#8243; _module_preset=&#8221;default&#8221; global_colors_info=&#8221;{}&#8221;][et_pb_heading title=&#8221;Contacte&#8221; _builder_version=&#8221;4.27.4&#8243; _module_preset=&#8221;default&#8221; title_font=&#8221;|600|||||||&#8221; title_text_align=&#8221;left&#8221; title_text_color=&#8221;#FFFFFF&#8221; title_font_size=&#8221;17px&#8221; min_height=&#8221;16.8px&#8221; custom_margin=&#8221;||1px|||&#8221; global_colors_info=&#8221;{}&#8221;][\/et_pb_heading][et_pb_text _builder_version=&#8221;4.27.4&#8243; _module_preset=&#8221;f66f60cc-1cc8-4276-afd6-2a3864535209&#8243; text_font=&#8221;Comfortaa|300|||||||&#8221; text_text_color=&#8221;#FFFFFF&#8221; text_font_size=&#8221;14px&#8221; link_text_color=&#8221;#FFFFFF&#8221; text_orientation=&#8221;center&#8221; min_height=&#8221;123px&#8221; custom_margin=&#8221;||-37px||false|false&#8221; custom_padding=&#8221;||10px|||&#8221; global_colors_info=&#8221;{%22gcid-3e93bdc5-146d-448e-a761-9f1b4dd51113%22:%91%22quote_border_color%22,%22quote_border_color%22%93,%22gcid-c7d8f091-13fc-48ff-a161-01fd58ed72d5%22:%91%22quote_text_color%22,%22quote_text_color%22%93}&#8221;]<\/p>\n<p style=\"text-align: justify;\">Carrer de la Tosca, 61, 08180 Moi\u00e0, Barcelona<br \/><a href=\"tel:+34938208355\">938 20 83 55<\/a><br \/><a href=\"mailto:bicicletes@nineta.com\">bicicletes@nineta.com<\/a><\/p>\n<p>[\/et_pb_text][et_pb_social_media_follow icon_color=&#8221;#FFFFFF&#8221; _builder_version=&#8221;4.27.4&#8243; _module_preset=&#8221;default&#8221; text_orientation=&#8221;left&#8221; custom_margin=&#8221;20px|||-6px|false|false&#8221; text_orientation_tablet=&#8221;center&#8221; text_orientation_phone=&#8221;center&#8221; text_orientation_last_edited=&#8221;on|tablet&#8221; global_colors_info=&#8221;{}&#8221;][et_pb_social_media_follow_network social_network=&#8221;instagram&#8221; url=&#8221;https:\/\/www.instagram.com\/bicicletesnineta\/&#8221; _builder_version=&#8221;4.27.4&#8243; _module_preset=&#8221;default&#8221; background_enable_color=&#8221;off&#8221; global_colors_info=&#8221;{}&#8221; follow_button=&#8221;off&#8221; url_new_window=&#8221;on&#8221;]instagram[\/et_pb_social_media_follow_network][\/et_pb_social_media_follow][\/et_pb_column][\/et_pb_row][\/et_pb_section][et_pb_section fb_built=&#8221;1&#8243; _builder_version=&#8221;4.27.4&#8243; _module_preset=&#8221;default&#8221; min_height=&#8221;145px&#8221; custom_margin=&#8221;||-8px|||&#8221; custom_padding=&#8221;0px|||||&#8221; global_colors_info=&#8221;{}&#8221;][et_pb_row _builder_version=&#8221;4.27.4&#8243; _module_preset=&#8221;default&#8221; min_height=&#8221;56px&#8221; custom_margin=&#8221;|auto|-30px|auto||&#8221; locked=&#8221;off&#8221; global_colors_info=&#8221;{}&#8221;][et_pb_column type=&#8221;4_4&#8243; _builder_version=&#8221;4.27.4&#8243; _module_preset=&#8221;default&#8221; global_colors_info=&#8221;{}&#8221;][et_pb_image src=&#8221;https:\/\/nineta.com\/wp-content\/uploads\/2025\/09\/aaa-3.jpg&#8221; title_text=&#8221;aaa (3)&#8221; align=&#8221;center&#8221; _builder_version=&#8221;4.27.4&#8243; _module_preset=&#8221;default&#8221; global_colors_info=&#8221;{}&#8221;][\/et_pb_image][\/et_pb_column][\/et_pb_row][\/et_pb_section]<\/p>","protected":false},"excerpt":{"rendered":"<p>Bicicletes NinetaProductesServeisContacte &nbsp;Pol\u00edtica de cookiesPol\u00edtica de privacitatPol\u00edtica de privacitat en xarxes socialsAv\u00eds legalCarrer de la Tosca, 61, 08180 Moi\u00e0, Barcelona938 20 83 55bicicletes@nineta.com<\/p>","protected":false},"author":1,"featured_media":0,"parent":0,"menu_order":0,"comment_status":"closed","ping_status":"closed","template":"","meta":{"_et_pb_use_builder":"on","_et_pb_old_content":"","_et_gb_content_width":"","footnotes":""},"class_list":["post-754","page","type-page","status-publish","hentry"],"yoast_head":"<!-- This site is optimized with the Yoast SEO plugin v26.6 - https:\/\/yoast.com\/wordpress\/plugins\/seo\/ -->\n<title>Cat\u00e0leg Trek - Bicicletes Nineta Moi\u00e0<\/title>\n<meta name=\"description\" content=\"Explora el cat\u00e0leg online de Bicicletes\u202fNineta (Moi\u00e0) i troba bicicletes, components i equipament per a ciclistes. Atenci\u00f3 experta i servei de confian\u00e7a.\" \/>\n<meta name=\"robots\" content=\"index, follow, max-snippet:-1, max-image-preview:large, max-video-preview:-1\" \/>\n<link rel=\"canonical\" href=\"https:\/\/nineta.com\/es\/754-2\/\" \/>\n<meta property=\"og:locale\" content=\"es_ES\" \/>\n<meta property=\"og:type\" content=\"article\" \/>\n<meta property=\"og:title\" content=\"Cat\u00e0leg Trek - Bicicletes Nineta Moi\u00e0\" \/>\n<meta property=\"og:description\" content=\"Explora el cat\u00e0leg online de Bicicletes\u202fNineta (Moi\u00e0) i troba bicicletes, components i equipament per a ciclistes. Atenci\u00f3 experta i servei de confian\u00e7a.\" \/>\n<meta property=\"og:url\" content=\"https:\/\/nineta.com\/es\/754-2\/\" \/>\n<meta property=\"og:site_name\" content=\"Bicicletes Nineta Moi\u00e0\" \/>\n<meta property=\"article:modified_time\" content=\"2026-03-17T11:36:29+00:00\" \/>\n<meta name=\"twitter:card\" content=\"summary_large_image\" \/>\n<meta name=\"twitter:label1\" content=\"Tiempo de lectura\" \/>\n\t<meta name=\"twitter:data1\" content=\"1 minuto\" \/>\n<script type=\"application\/ld+json\" class=\"yoast-schema-graph\">{\"@context\":\"https:\/\/schema.org\",\"@graph\":[{\"@type\":\"WebPage\",\"@id\":\"https:\/\/nineta.com\/754-2\/\",\"url\":\"https:\/\/nineta.com\/754-2\/\",\"name\":\"Cat\u00e0leg Trek - Bicicletes Nineta Moi\u00e0\",\"isPartOf\":{\"@id\":\"https:\/\/nineta.com\/#website\"},\"datePublished\":\"2025-10-20T08:27:53+00:00\",\"dateModified\":\"2026-03-17T11:36:29+00:00\",\"description\":\"Explora el cat\u00e0leg online de Bicicletes\u202fNineta (Moi\u00e0) i troba bicicletes, components i equipament per a ciclistes. Atenci\u00f3 experta i servei de confian\u00e7a.\",\"breadcrumb\":{\"@id\":\"https:\/\/nineta.com\/754-2\/#breadcrumb\"},\"inLanguage\":\"es\",\"potentialAction\":[{\"@type\":\"ReadAction\",\"target\":[\"https:\/\/nineta.com\/754-2\/\"]}]},{\"@type\":\"BreadcrumbList\",\"@id\":\"https:\/\/nineta.com\/754-2\/#breadcrumb\",\"itemListElement\":[{\"@type\":\"ListItem\",\"position\":1,\"name\":\"Inici\",\"item\":\"https:\/\/nineta.com\/\"},{\"@type\":\"ListItem\",\"position\":2,\"name\":\"Cat\u00e0leg Trek\"}]},{\"@type\":\"WebSite\",\"@id\":\"https:\/\/nineta.com\/#website\",\"url\":\"https:\/\/nineta.com\/\",\"name\":\"Bicicletes Nineta Moi\u00e0\",\"description\":\"Taller de Bicicletes al Moian\u00e8s. Distribuidor Trek\",\"potentialAction\":[{\"@type\":\"SearchAction\",\"target\":{\"@type\":\"EntryPoint\",\"urlTemplate\":\"https:\/\/nineta.com\/?s={search_term_string}\"},\"query-input\":{\"@type\":\"PropertyValueSpecification\",\"valueRequired\":true,\"valueName\":\"search_term_string\"}}],\"inLanguage\":\"es\"}]}<\/script>\n<!-- \/ Yoast SEO plugin. -->","yoast_head_json":{"title":"Cat\u00e0leg Trek - Bicicletes Nineta Moi\u00e0","description":"Explora el cat\u00e0leg online de Bicicletes\u202fNineta (Moi\u00e0) i troba bicicletes, components i equipament per a ciclistes. Atenci\u00f3 experta i servei de confian\u00e7a.","robots":{"index":"index","follow":"follow","max-snippet":"max-snippet:-1","max-image-preview":"max-image-preview:large","max-video-preview":"max-video-preview:-1"},"canonical":"https:\/\/nineta.com\/es\/754-2\/","og_locale":"es_ES","og_type":"article","og_title":"Cat\u00e0leg Trek - Bicicletes Nineta Moi\u00e0","og_description":"Explora el cat\u00e0leg online de Bicicletes\u202fNineta (Moi\u00e0) i troba bicicletes, components i equipament per a ciclistes. Atenci\u00f3 experta i servei de confian\u00e7a.","og_url":"https:\/\/nineta.com\/es\/754-2\/","og_site_name":"Bicicletes Nineta Moi\u00e0","article_modified_time":"2026-03-17T11:36:29+00:00","twitter_card":"summary_large_image","twitter_misc":{"Tiempo de lectura":"1 minuto"},"schema":{"@context":"https:\/\/schema.org","@graph":[{"@type":"WebPage","@id":"https:\/\/nineta.com\/754-2\/","url":"https:\/\/nineta.com\/754-2\/","name":"Cat\u00e0leg Trek - Bicicletes Nineta Moi\u00e0","isPartOf":{"@id":"https:\/\/nineta.com\/#website"},"datePublished":"2025-10-20T08:27:53+00:00","dateModified":"2026-03-17T11:36:29+00:00","description":"Explora el cat\u00e0leg online de Bicicletes\u202fNineta (Moi\u00e0) i troba bicicletes, components i equipament per a ciclistes. Atenci\u00f3 experta i servei de confian\u00e7a.","breadcrumb":{"@id":"https:\/\/nineta.com\/754-2\/#breadcrumb"},"inLanguage":"es","potentialAction":[{"@type":"ReadAction","target":["https:\/\/nineta.com\/754-2\/"]}]},{"@type":"BreadcrumbList","@id":"https:\/\/nineta.com\/754-2\/#breadcrumb","itemListElement":[{"@type":"ListItem","position":1,"name":"Inici","item":"https:\/\/nineta.com\/"},{"@type":"ListItem","position":2,"name":"Cat\u00e0leg Trek"}]},{"@type":"WebSite","@id":"https:\/\/nineta.com\/#website","url":"https:\/\/nineta.com\/","name":"Bicicletes Nineta Moi\u00e0","description":"Taller de Bicicletes al Moian\u00e8s. Distribuidor Trek","potentialAction":[{"@type":"SearchAction","target":{"@type":"EntryPoint","urlTemplate":"https:\/\/nineta.com\/?s={search_term_string}"},"query-input":{"@type":"PropertyValueSpecification","valueRequired":true,"valueName":"search_term_string"}}],"inLanguage":"es"}]}},"_links":{"self":[{"href":"https:\/\/nineta.com\/es\/wp-json\/wp\/v2\/pages\/754","targetHints":{"allow":["GET"]}}],"collection":[{"href":"https:\/\/nineta.com\/es\/wp-json\/wp\/v2\/pages"}],"about":[{"href":"https:\/\/nineta.com\/es\/wp-json\/wp\/v2\/types\/page"}],"author":[{"embeddable":true,"href":"https:\/\/nineta.com\/es\/wp-json\/wp\/v2\/users\/1"}],"replies":[{"embeddable":true,"href":"https:\/\/nineta.com\/es\/wp-json\/wp\/v2\/comments?post=754"}],"version-history":[{"count":10,"href":"https:\/\/nineta.com\/es\/wp-json\/wp\/v2\/pages\/754\/revisions"}],"predecessor-version":[{"id":1502,"href":"https:\/\/nineta.com\/es\/wp-json\/wp\/v2\/pages\/754\/revisions\/1502"}],"wp:attachment":[{"href":"https:\/\/nineta.com\/es\/wp-json\/wp\/v2\/media?parent=754"}],"curies":[{"name":"wp","href":"https:\/\/api.w.org\/{rel}","templated":true}]}}